{"id":39,"date":"2015-08-06T16:20:22","date_gmt":"2015-08-06T16:20:22","guid":{"rendered":"http:\/\/textbar.de\/?page_id=39"},"modified":"2015-08-07T08:59:00","modified_gmt":"2015-08-07T08:59:00","slug":"hausnummer","status":"publish","type":"page","link":"https:\/\/textbar.de\/?page_id=39","title":{"rendered":"Hausnummer"},"content":{"rendered":"<p><img loading=\"lazy\" decoding=\"async\" class=\"aligncenter wp-image-168 size-thumbnail\" src=\"https:\/\/textbar.de\/wp-content\/uploads\/2015\/08\/Hausnummer6-150x150.png\" alt=\"Hausnummer6\" width=\"150\" height=\"150\" srcset=\"https:\/\/textbar.de\/wp-content\/uploads\/2015\/08\/Hausnummer6-150x150.png 150w, https:\/\/textbar.de\/wp-content\/uploads\/2015\/08\/Hausnummer6-300x300.png 300w, https:\/\/textbar.de\/wp-content\/uploads\/2015\/08\/Hausnummer6.png 1000w\" sizes=\"auto, (max-width: 150px) 100vw, 150px\" \/><\/p>\n<p>Die textbar finden Sie am Nordufer des Bodensees in \u00dcberlingen nahe dem Ost-Hafen \u2013 wenige Schritte vom See entfernt.<\/p>\n<p>textbar<br \/>\nRedaktionsb\u00fcro f\u00fcr Medien, Wirtschaft und Wissenschaft<br \/>\nAskaniaweg 6<br \/>\nD-88662 \u00dcberlingen<\/p>\n<p><iframe loading=\"lazy\" src=\"https:\/\/www.google.com\/maps\/d\/embed?mid=zVB0M0gBm4i4.kT1k0I8fbKWA\" width=\"640\" height=\"480\"><\/iframe><\/p>\n","protected":false},"excerpt":{"rendered":"<p>Die textbar finden Sie am Nordufer des Bodensees in \u00dcberlingen nahe dem Ost-Hafen \u2013 wenige Schritte vom See entfernt. textbar Redaktionsb\u00fcro f\u00fcr Medien, Wirtschaft und Wissenschaft Askaniaweg 6 D-88662 \u00dcberlingen<\/p>\n","protected":false},"author":1,"featured_media":0,"parent":2,"menu_order":3,"comment_status":"closed","ping_status":"closed","template":"","meta":{"footnotes":""},"class_list":["post-39","page","type-page","status-publish","hentry"],"_links":{"self":[{"href":"https:\/\/textbar.de\/index.php?rest_route=\/wp\/v2\/pages\/39","targetHints":{"allow":["GET"]}}],"collection":[{"href":"https:\/\/textbar.de\/index.php?rest_route=\/wp\/v2\/pages"}],"about":[{"href":"https:\/\/textbar.de\/index.php?rest_route=\/wp\/v2\/types\/page"}],"author":[{"embeddable":true,"href":"https:\/\/textbar.de\/index.php?rest_route=\/wp\/v2\/users\/1"}],"replies":[{"embeddable":true,"href":"https:\/\/textbar.de\/index.php?rest_route=%2Fwp%2Fv2%2Fcomments&post=39"}],"version-history":[{"count":8,"href":"https:\/\/textbar.de\/index.php?rest_route=\/wp\/v2\/pages\/39\/revisions"}],"predecessor-version":[{"id":179,"href":"https:\/\/textbar.de\/index.php?rest_route=\/wp\/v2\/pages\/39\/revisions\/179"}],"up":[{"embeddable":true,"href":"https:\/\/textbar.de\/index.php?rest_route=\/wp\/v2\/pages\/2"}],"wp:attachment":[{"href":"https:\/\/textbar.de\/index.php?rest_route=%2Fwp%2Fv2%2Fmedia&parent=39"}],"curies":[{"name":"wp","href":"https:\/\/api.w.org\/{rel}","templated":true}]}}